{"id":3647,"date":"2026-02-24T10:29:35","date_gmt":"2026-02-24T10:29:35","guid":{"rendered":"https:\/\/chicha.agency\/?page_id=3647"},"modified":"2026-02-24T16:50:18","modified_gmt":"2026-02-24T16:50:18","slug":"ueber-uns","status":"publish","type":"page","link":"https:\/\/chicha.agency\/de\/ueber-uns\/","title":{"rendered":"\u00dcber Uns"},"content":{"rendered":"\n<figure class=\"wp-block-image size-full about-us-image\"><img loading=\"lazy\" decoding=\"async\" width=\"1800\" height=\"1200\" src=\"https:\/\/chicha.agency\/wp-content\/uploads\/2026\/02\/chicha-selection-16-scaled.jpg\" alt=\"\" class=\"wp-image-3651\" srcset=\"https:\/\/chicha.agency\/wp-content\/uploads\/2026\/02\/chicha-selection-16-scaled.jpg 1800w, https:\/\/chicha.agency\/wp-content\/uploads\/2026\/02\/chicha-selection-16-300x200.jpg 300w, https:\/\/chicha.agency\/wp-content\/uploads\/2026\/02\/chicha-selection-16-1024x683.jpg 1024w, https:\/\/chicha.agency\/wp-content\/uploads\/2026\/02\/chicha-selection-16-768x512.jpg 768w, https:\/\/chicha.agency\/wp-content\/uploads\/2026\/02\/chicha-selection-16-1536x1024.jpg 1536w, https:\/\/chicha.agency\/wp-content\/uploads\/2026\/02\/chicha-selection-16-600x400.jpg 600w\" sizes=\"auto, (max-width: 1800px) 100vw, 1800px\" \/><\/figure>\n\n\n\n<div style=\"height:29px\" aria-hidden=\"true\" class=\"wp-block-spacer\"><\/div>\n\n\n\n<h1 class=\"wp-block-heading\">Das sind wir<\/h1>\n\n\n\n<p>Wir sind <strong>Eva R\u00f6len<\/strong> und <strong>Jens Czopnik<\/strong>. <br>Zusammen haben wir die Chicha Agency gegr\u00fcndet, weil wir wissen, wie man Tourneen organisiert \u2013 ohne Drama, mit Plan und der n\u00f6tigen Portion Erfahrung.<\/p>\n\n\n\n<p>Eva hat mit <strong>GR\u00f6li Music<\/strong> seit 2019 Bands wie <strong>MARCH, LES SHIRLEY<\/strong> oder <strong>BANDAID BRIGADE<\/strong> durch Europa und dar\u00fcber hinaus gebracht. <br>Jens war 25 Jahre lang als Inhaber von <strong>Phonocaster Music<\/strong> unterwegs und hat Acts wie <strong>JAYA THE CAT<\/strong>, <strong>THE SLACKERS<\/strong> oder <strong>LONG BEACH DUB ALLSTARS<\/strong> gebucht und gemanagt.<\/p>\n\n\n\n<p><strong>Was wir anbieten?<\/strong> <br>Wir k\u00fcmmern uns um alles, was eine Tour braucht: Booking, Produktion, Merch, Logistik. Damit Bands sich auf ihre Musik konzentrieren k\u00f6nnen und nicht auf Organisationskram.<\/p>\n\n\n\n<p><strong>Aktuell mit uns unterwegs:<\/strong><\/p>\n\n\n\n<ul class=\"wp-block-list\">\n<li>Mad Caddies<\/li>\n\n\n\n<li>Jaya the Cat<\/li>\n\n\n\n<li>Kemo the Blaxican<\/li>\n\n\n\n<li>The Skints<\/li>\n\n\n\n<li>Negros de la Raza feat. Sen Dog &amp; Kemo the Blaxican<\/li>\n\n\n\n<li>Riskee &amp; the Ridicule<\/li>\n\n\n\n<li>\u2026 und ein paar andere.<\/li>\n<\/ul>\n\n\n\n<p><strong>Kurz und knapp:<\/strong> <br>Wer eine Tour braucht, die einfach l\u00e4uft, ist bei uns richtig. <br>Kein Gebr\u00fcll, kein Hype \u2013 nur etwas Chicha.<\/p>\n","protected":false},"excerpt":{"rendered":"<p>Das sind wir Wir sind Eva R\u00f6len und Jens Czopnik. Zusammen haben wir die Chicha Agency gegr\u00fcndet, weil wir wissen, wie man Tourneen organisiert \u2013 ohne Drama, mit Plan und der n\u00f6tigen Portion Erfahrung. Eva hat mit GR\u00f6li Music seit 2019 Bands wie MARCH, LES SHIRLEY oder BANDAID BRIGADE durch Europa und dar\u00fcber hinaus gebracht. [&hellip;]<\/p>\n","protected":false},"author":1,"featured_media":3432,"parent":0,"menu_order":0,"comment_status":"closed","ping_status":"closed","template":"","meta":{"footnotes":""},"class_list":["post-3647","page","type-page","status-publish","has-post-thumbnail","hentry"],"yoast_head":"<!-- This site is optimized with the Yoast SEO plugin v27.4 - https:\/\/yoast.com\/product\/yoast-seo-wordpress\/ -->\n<title>CHICHA Agency - CHICHA Agency<\/title>\n<meta name=\"robots\" content=\"index, follow, max-snippet:-1, max-image-preview:large, max-video-preview:-1\" \/>\n<link rel=\"canonical\" href=\"https:\/\/chicha.agency\/de\/ueber-uns\/\" \/>\n<meta property=\"og:locale\" content=\"de_DE\" \/>\n<meta property=\"og:type\" content=\"article\" \/>\n<meta property=\"og:title\" content=\"CHICHA Agency - \u00dcber Uns\" \/>\n<meta property=\"og:description\" content=\"CHICHA Agency - \u00dcber Uns\" \/>\n<meta property=\"og:url\" content=\"https:\/\/chicha.agency\/de\/ueber-uns\/\" \/>\n<meta property=\"og:site_name\" content=\"CHICHA Agency\" \/>\n<meta property=\"article:publisher\" content=\"https:\/\/www.facebook.com\/chicha.music.agency\" \/>\n<meta property=\"article:modified_time\" content=\"2026-02-24T16:50:18+00:00\" \/>\n<meta property=\"og:image\" content=\"https:\/\/chicha.agency\/wp-content\/uploads\/2026\/02\/CHICHA_LOGO_2026_white-scaled.png\" \/>\n\t<meta property=\"og:image:width\" content=\"1200\" \/>\n\t<meta property=\"og:image:height\" content=\"1200\" \/>\n\t<meta property=\"og:image:type\" content=\"image\/png\" \/>\n<meta name=\"twitter:card\" content=\"summary_large_image\" \/>\n<meta name=\"twitter:title\" content=\"CHICHA Agency - \u00dcber Uns\" \/>\n<meta name=\"twitter:image\" content=\"https:\/\/chicha.agency\/wp-content\/uploads\/2026\/02\/CHICHA_LOGO_2026_white-scaled.png\" \/>\n<script type=\"application\/ld+json\" class=\"yoast-schema-graph\">{\"@context\":\"https:\\\/\\\/schema.org\",\"@graph\":[{\"@type\":\"WebPage\",\"@id\":\"https:\\\/\\\/chicha.agency\\\/de\\\/ueber-uns\\\/\",\"url\":\"https:\\\/\\\/chicha.agency\\\/de\\\/ueber-uns\\\/\",\"name\":\"CHICHA Agency - CHICHA Agency\",\"isPartOf\":{\"@id\":\"https:\\\/\\\/chicha.agency\\\/de\\\/#website\"},\"primaryImageOfPage\":{\"@id\":\"https:\\\/\\\/chicha.agency\\\/de\\\/ueber-uns\\\/#primaryimage\"},\"image\":{\"@id\":\"https:\\\/\\\/chicha.agency\\\/de\\\/ueber-uns\\\/#primaryimage\"},\"thumbnailUrl\":\"https:\\\/\\\/chicha.agency\\\/wp-content\\\/uploads\\\/2026\\\/02\\\/CHICHA_LOGO_2026_white-scaled.png\",\"datePublished\":\"2026-02-24T10:29:35+00:00\",\"dateModified\":\"2026-02-24T16:50:18+00:00\",\"breadcrumb\":{\"@id\":\"https:\\\/\\\/chicha.agency\\\/de\\\/ueber-uns\\\/#breadcrumb\"},\"inLanguage\":\"de\",\"potentialAction\":[{\"@type\":\"ReadAction\",\"target\":[\"https:\\\/\\\/chicha.agency\\\/de\\\/ueber-uns\\\/\"]}]},{\"@type\":\"ImageObject\",\"inLanguage\":\"de\",\"@id\":\"https:\\\/\\\/chicha.agency\\\/de\\\/ueber-uns\\\/#primaryimage\",\"url\":\"https:\\\/\\\/chicha.agency\\\/wp-content\\\/uploads\\\/2026\\\/02\\\/CHICHA_LOGO_2026_white-scaled.png\",\"contentUrl\":\"https:\\\/\\\/chicha.agency\\\/wp-content\\\/uploads\\\/2026\\\/02\\\/CHICHA_LOGO_2026_white-scaled.png\",\"width\":1200,\"height\":1200},{\"@type\":\"BreadcrumbList\",\"@id\":\"https:\\\/\\\/chicha.agency\\\/de\\\/ueber-uns\\\/#breadcrumb\",\"itemListElement\":[{\"@type\":\"ListItem\",\"position\":1,\"name\":\"Home\",\"item\":\"https:\\\/\\\/chicha.agency\\\/de\\\/\"},{\"@type\":\"ListItem\",\"position\":2,\"name\":\"\u00dcber Uns\"}]},{\"@type\":\"WebSite\",\"@id\":\"https:\\\/\\\/chicha.agency\\\/de\\\/#website\",\"url\":\"https:\\\/\\\/chicha.agency\\\/de\\\/\",\"name\":\"CHICHA Agency\",\"description\":\"International Tourbooking &amp; Management\",\"publisher\":{\"@id\":\"https:\\\/\\\/chicha.agency\\\/de\\\/#organization\"},\"alternateName\":\"International Tourbooking & Management\",\"potentialAction\":[{\"@type\":\"SearchAction\",\"target\":{\"@type\":\"EntryPoint\",\"urlTemplate\":\"https:\\\/\\\/chicha.agency\\\/de\\\/?s={search_term_string}\"},\"query-input\":{\"@type\":\"PropertyValueSpecification\",\"valueRequired\":true,\"valueName\":\"search_term_string\"}}],\"inLanguage\":\"de\"},{\"@type\":\"Organization\",\"@id\":\"https:\\\/\\\/chicha.agency\\\/de\\\/#organization\",\"name\":\"CHICHA Music Agency\",\"url\":\"https:\\\/\\\/chicha.agency\\\/de\\\/\",\"logo\":{\"@type\":\"ImageObject\",\"inLanguage\":\"de\",\"@id\":\"https:\\\/\\\/chicha.agency\\\/de\\\/#\\\/schema\\\/logo\\\/image\\\/\",\"url\":\"https:\\\/\\\/chicha.agency\\\/wp-content\\\/uploads\\\/2025\\\/11\\\/CHICHA_LOGO_2026-scaled.png\",\"contentUrl\":\"https:\\\/\\\/chicha.agency\\\/wp-content\\\/uploads\\\/2025\\\/11\\\/CHICHA_LOGO_2026-scaled.png\",\"width\":1200,\"height\":1200,\"caption\":\"CHICHA Music Agency\"},\"image\":{\"@id\":\"https:\\\/\\\/chicha.agency\\\/de\\\/#\\\/schema\\\/logo\\\/image\\\/\"},\"sameAs\":[\"https:\\\/\\\/www.facebook.com\\\/chicha.music.agency\",\"https:\\\/\\\/instagram.com\\\/chicha.music.agency\"]}]}<\/script>\n<!-- \/ Yoast SEO plugin. -->","yoast_head_json":{"title":"CHICHA Agency - CHICHA Agency","robots":{"index":"index","follow":"follow","max-snippet":"max-snippet:-1","max-image-preview":"max-image-preview:large","max-video-preview":"max-video-preview:-1"},"canonical":"https:\/\/chicha.agency\/de\/ueber-uns\/","og_locale":"de_DE","og_type":"article","og_title":"CHICHA Agency - \u00dcber Uns","og_description":"CHICHA Agency - \u00dcber Uns","og_url":"https:\/\/chicha.agency\/de\/ueber-uns\/","og_site_name":"CHICHA Agency","article_publisher":"https:\/\/www.facebook.com\/chicha.music.agency","article_modified_time":"2026-02-24T16:50:18+00:00","og_image":[{"width":1200,"height":1200,"url":"https:\/\/chicha.agency\/wp-content\/uploads\/2026\/02\/CHICHA_LOGO_2026_white-scaled.png","type":"image\/png"}],"twitter_card":"summary_large_image","twitter_title":"CHICHA Agency - \u00dcber Uns","twitter_image":"https:\/\/chicha.agency\/wp-content\/uploads\/2026\/02\/CHICHA_LOGO_2026_white-scaled.png","schema":{"@context":"https:\/\/schema.org","@graph":[{"@type":"WebPage","@id":"https:\/\/chicha.agency\/de\/ueber-uns\/","url":"https:\/\/chicha.agency\/de\/ueber-uns\/","name":"CHICHA Agency - CHICHA Agency","isPartOf":{"@id":"https:\/\/chicha.agency\/de\/#website"},"primaryImageOfPage":{"@id":"https:\/\/chicha.agency\/de\/ueber-uns\/#primaryimage"},"image":{"@id":"https:\/\/chicha.agency\/de\/ueber-uns\/#primaryimage"},"thumbnailUrl":"https:\/\/chicha.agency\/wp-content\/uploads\/2026\/02\/CHICHA_LOGO_2026_white-scaled.png","datePublished":"2026-02-24T10:29:35+00:00","dateModified":"2026-02-24T16:50:18+00:00","breadcrumb":{"@id":"https:\/\/chicha.agency\/de\/ueber-uns\/#breadcrumb"},"inLanguage":"de","potentialAction":[{"@type":"ReadAction","target":["https:\/\/chicha.agency\/de\/ueber-uns\/"]}]},{"@type":"ImageObject","inLanguage":"de","@id":"https:\/\/chicha.agency\/de\/ueber-uns\/#primaryimage","url":"https:\/\/chicha.agency\/wp-content\/uploads\/2026\/02\/CHICHA_LOGO_2026_white-scaled.png","contentUrl":"https:\/\/chicha.agency\/wp-content\/uploads\/2026\/02\/CHICHA_LOGO_2026_white-scaled.png","width":1200,"height":1200},{"@type":"BreadcrumbList","@id":"https:\/\/chicha.agency\/de\/ueber-uns\/#breadcrumb","itemListElement":[{"@type":"ListItem","position":1,"name":"Home","item":"https:\/\/chicha.agency\/de\/"},{"@type":"ListItem","position":2,"name":"\u00dcber Uns"}]},{"@type":"WebSite","@id":"https:\/\/chicha.agency\/de\/#website","url":"https:\/\/chicha.agency\/de\/","name":"CHICHA Agency","description":"International Tourbooking &amp; Management","publisher":{"@id":"https:\/\/chicha.agency\/de\/#organization"},"alternateName":"International Tourbooking & Management","potentialAction":[{"@type":"SearchAction","target":{"@type":"EntryPoint","urlTemplate":"https:\/\/chicha.agency\/de\/?s={search_term_string}"},"query-input":{"@type":"PropertyValueSpecification","valueRequired":true,"valueName":"search_term_string"}}],"inLanguage":"de"},{"@type":"Organization","@id":"https:\/\/chicha.agency\/de\/#organization","name":"CHICHA Music Agency","url":"https:\/\/chicha.agency\/de\/","logo":{"@type":"ImageObject","inLanguage":"de","@id":"https:\/\/chicha.agency\/de\/#\/schema\/logo\/image\/","url":"https:\/\/chicha.agency\/wp-content\/uploads\/2025\/11\/CHICHA_LOGO_2026-scaled.png","contentUrl":"https:\/\/chicha.agency\/wp-content\/uploads\/2025\/11\/CHICHA_LOGO_2026-scaled.png","width":1200,"height":1200,"caption":"CHICHA Music Agency"},"image":{"@id":"https:\/\/chicha.agency\/de\/#\/schema\/logo\/image\/"},"sameAs":["https:\/\/www.facebook.com\/chicha.music.agency","https:\/\/instagram.com\/chicha.music.agency"]}]}},"_links":{"self":[{"href":"https:\/\/chicha.agency\/de\/wp-json\/wp\/v2\/pages\/3647","targetHints":{"allow":["GET"]}}],"collection":[{"href":"https:\/\/chicha.agency\/de\/wp-json\/wp\/v2\/pages"}],"about":[{"href":"https:\/\/chicha.agency\/de\/wp-json\/wp\/v2\/types\/page"}],"author":[{"embeddable":true,"href":"https:\/\/chicha.agency\/de\/wp-json\/wp\/v2\/users\/1"}],"replies":[{"embeddable":true,"href":"https:\/\/chicha.agency\/de\/wp-json\/wp\/v2\/comments?post=3647"}],"version-history":[{"count":10,"href":"https:\/\/chicha.agency\/de\/wp-json\/wp\/v2\/pages\/3647\/revisions"}],"predecessor-version":[{"id":3688,"href":"https:\/\/chicha.agency\/de\/wp-json\/wp\/v2\/pages\/3647\/revisions\/3688"}],"wp:featuredmedia":[{"embeddable":true,"href":"https:\/\/chicha.agency\/de\/wp-json\/wp\/v2\/media\/3432"}],"wp:attachment":[{"href":"https:\/\/chicha.agency\/de\/wp-json\/wp\/v2\/media?parent=3647"}],"curies":[{"name":"wp","href":"https:\/\/api.w.org\/{rel}","templated":true}]}}