{"id":1802,"date":"2025-11-12T11:15:19","date_gmt":"2025-11-12T11:15:19","guid":{"rendered":"https:\/\/chicha.agency\/?post_type=product&#038;p=1802"},"modified":"2025-11-24T13:41:05","modified_gmt":"2025-11-24T13:41:05","slug":"girlshirt-jaya-the-cat-4-eyes","status":"publish","type":"product","link":"https:\/\/chicha.agency\/de\/produkt\/girlshirt-jaya-the-cat-4-eyes\/","title":{"rendered":"Girlshirt JAYA THE CAT 4 Eyes"},"content":{"rendered":"<p>Girlshirt<br \/>\nBand: Jaya the Cat<br \/>\nDesign: 4 Eyes<br \/>\nFarbe: Schwarz<br \/>\nDruck: Discharge Print Technique*<\/p>\n<p>Shirtmarke: Gildan<br \/>\nMaterial: 100% Baumwolle<\/p>\n<p><strong>* Discharge Print Technique:<\/strong><br \/>\n<span class=\"ILfuVd\"><span class=\"e24Kjd\">* Discharge Print Technique: Entladungsdruck, auch Extract Printing genannt, Verfahrenzur Anwendung eines Designs auf gef\u00e4rbtes Gewebe durch Drucken eines farbzerst\u00f6renden Mittels, wie Chlor oder Hydrosulfit, um ein wei\u00dfes oder helles Muster auf dem dunkleren Boden auszubleichen.<\/span><\/span><\/p>\n","protected":false},"excerpt":{"rendered":"<p>Girlshirt Band: Jaya the Cat Design: 4 Eyes Farbe: Schwarz Druck: Discharge Print Technique* Shirtmarke: Gildan Material: 100% Baumwolle * Discharge Print Technique: * Discharge Print Technique: Entladungsdruck, auch Extract Printing genannt, Verfahrenzur Anwendung eines Designs auf gef\u00e4rbtes Gewebe durch Drucken eines farbzerst\u00f6renden Mittels, wie Chlor oder Hydrosulfit, um ein wei\u00dfes oder helles Muster auf [&hellip;]<\/p>\n","protected":false},"featured_media":1183,"template":"","meta":[],"product_brand":[804],"product_cat":[418,422,421],"product_tag":[449,448,450,536],"class_list":{"0":"post-1802","1":"product","2":"type-product","3":"status-publish","4":"has-post-thumbnail","6":"product_brand-jaya-the-cat","7":"product_cat-jaya-the-cat","8":"product_cat-taillierte-t-shirts","9":"product_cat-women","10":"product_tag-4-eyes","11":"product_tag-gildan","12":"product_tag-girlshirt","13":"product_tag-jayathecat","14":"pa_marke-jaya-the-cat","16":"first","17":"instock","18":"shipping-taxable","19":"product-type-external"},"yoast_head":"<!-- This site is optimized with the Yoast SEO plugin v27.4 - https:\/\/yoast.com\/product\/yoast-seo-wordpress\/ -->\n<title>Girlshirt JAYA THE CAT 4 Eyes - CHICHA Agency<\/title>\n<meta name=\"robots\" content=\"index, follow, max-snippet:-1, max-image-preview:large, max-video-preview:-1\" \/>\n<link rel=\"canonical\" href=\"https:\/\/chicha.agency\/de\/produkt\/girlshirt-jaya-the-cat-4-eyes\/\" \/>\n<meta property=\"og:locale\" content=\"de_DE\" \/>\n<meta property=\"og:type\" content=\"article\" \/>\n<meta property=\"og:title\" content=\"Girlshirt JAYA THE CAT 4 Eyes - CHICHA Agency\" \/>\n<meta property=\"og:description\" content=\"Girlshirt Band: Jaya the Cat Design: 4 Eyes Farbe: Schwarz Druck: Discharge Print Technique* Shirtmarke: Gildan Material: 100% Baumwolle * Discharge Print Technique: * Discharge Print Technique: Entladungsdruck, auch Extract Printing genannt, Verfahrenzur Anwendung eines Designs auf gef\u00e4rbtes Gewebe durch Drucken eines farbzerst\u00f6renden Mittels, wie Chlor oder Hydrosulfit, um ein wei\u00dfes oder helles Muster auf [&hellip;]\" \/>\n<meta property=\"og:url\" content=\"https:\/\/chicha.agency\/de\/produkt\/girlshirt-jaya-the-cat-4-eyes\/\" \/>\n<meta property=\"og:site_name\" content=\"CHICHA Agency\" \/>\n<meta property=\"article:publisher\" content=\"https:\/\/www.facebook.com\/chicha.music.agency\" \/>\n<meta property=\"article:modified_time\" content=\"2025-11-24T13:41:05+00:00\" \/>\n<meta property=\"og:image\" content=\"https:\/\/chicha.agency\/wp-content\/uploads\/2025\/11\/GS_JTC_4Eyes.png\" \/>\n\t<meta property=\"og:image:width\" content=\"400\" \/>\n\t<meta property=\"og:image:height\" content=\"400\" \/>\n\t<meta property=\"og:image:type\" content=\"image\/png\" \/>\n<meta name=\"twitter:card\" content=\"summary_large_image\" \/>\n<script type=\"application\/ld+json\" class=\"yoast-schema-graph\">{\"@context\":\"https:\\\/\\\/schema.org\",\"@graph\":[{\"@type\":\"WebPage\",\"@id\":\"https:\\\/\\\/chicha.agency\\\/de\\\/produkt\\\/girlshirt-jaya-the-cat-4-eyes\\\/\",\"url\":\"https:\\\/\\\/chicha.agency\\\/de\\\/produkt\\\/girlshirt-jaya-the-cat-4-eyes\\\/\",\"name\":\"Girlshirt JAYA THE CAT 4 Eyes - CHICHA Agency\",\"isPartOf\":{\"@id\":\"https:\\\/\\\/chicha.agency\\\/de\\\/#website\"},\"primaryImageOfPage\":{\"@id\":\"https:\\\/\\\/chicha.agency\\\/de\\\/produkt\\\/girlshirt-jaya-the-cat-4-eyes\\\/#primaryimage\"},\"image\":{\"@id\":\"https:\\\/\\\/chicha.agency\\\/de\\\/produkt\\\/girlshirt-jaya-the-cat-4-eyes\\\/#primaryimage\"},\"thumbnailUrl\":\"https:\\\/\\\/chicha.agency\\\/wp-content\\\/uploads\\\/2025\\\/11\\\/GS_JTC_4Eyes.png\",\"datePublished\":\"2025-11-12T11:15:19+00:00\",\"dateModified\":\"2025-11-24T13:41:05+00:00\",\"breadcrumb\":{\"@id\":\"https:\\\/\\\/chicha.agency\\\/de\\\/produkt\\\/girlshirt-jaya-the-cat-4-eyes\\\/#breadcrumb\"},\"inLanguage\":\"de\",\"potentialAction\":[{\"@type\":\"ReadAction\",\"target\":[\"https:\\\/\\\/chicha.agency\\\/de\\\/produkt\\\/girlshirt-jaya-the-cat-4-eyes\\\/\"]}]},{\"@type\":\"ImageObject\",\"inLanguage\":\"de\",\"@id\":\"https:\\\/\\\/chicha.agency\\\/de\\\/produkt\\\/girlshirt-jaya-the-cat-4-eyes\\\/#primaryimage\",\"url\":\"https:\\\/\\\/chicha.agency\\\/wp-content\\\/uploads\\\/2025\\\/11\\\/GS_JTC_4Eyes.png\",\"contentUrl\":\"https:\\\/\\\/chicha.agency\\\/wp-content\\\/uploads\\\/2025\\\/11\\\/GS_JTC_4Eyes.png\",\"width\":400,\"height\":400},{\"@type\":\"BreadcrumbList\",\"@id\":\"https:\\\/\\\/chicha.agency\\\/de\\\/produkt\\\/girlshirt-jaya-the-cat-4-eyes\\\/#breadcrumb\",\"itemListElement\":[{\"@type\":\"ListItem\",\"position\":1,\"name\":\"Home\",\"item\":\"https:\\\/\\\/chicha.agency\\\/de\\\/\"},{\"@type\":\"ListItem\",\"position\":2,\"name\":\"Shop\",\"item\":\"https:\\\/\\\/chicha.agency\\\/shop\\\/\"},{\"@type\":\"ListItem\",\"position\":3,\"name\":\"Jaya the Cat\",\"item\":\"https:\\\/\\\/chicha.agency\\\/de\\\/marke\\\/jaya-the-cat\\\/\"},{\"@type\":\"ListItem\",\"position\":4,\"name\":\"Girlshirt JAYA THE CAT 4 Eyes\"}]},{\"@type\":\"WebSite\",\"@id\":\"https:\\\/\\\/chicha.agency\\\/de\\\/#website\",\"url\":\"https:\\\/\\\/chicha.agency\\\/de\\\/\",\"name\":\"CHICHA Agency\",\"description\":\"International Tourbooking &amp; Management\",\"publisher\":{\"@id\":\"https:\\\/\\\/chicha.agency\\\/de\\\/#organization\"},\"alternateName\":\"International Tourbooking & Management\",\"potentialAction\":[{\"@type\":\"SearchAction\",\"target\":{\"@type\":\"EntryPoint\",\"urlTemplate\":\"https:\\\/\\\/chicha.agency\\\/de\\\/?s={search_term_string}\"},\"query-input\":{\"@type\":\"PropertyValueSpecification\",\"valueRequired\":true,\"valueName\":\"search_term_string\"}}],\"inLanguage\":\"de\"},{\"@type\":\"Organization\",\"@id\":\"https:\\\/\\\/chicha.agency\\\/de\\\/#organization\",\"name\":\"CHICHA Music Agency\",\"url\":\"https:\\\/\\\/chicha.agency\\\/de\\\/\",\"logo\":{\"@type\":\"ImageObject\",\"inLanguage\":\"de\",\"@id\":\"https:\\\/\\\/chicha.agency\\\/de\\\/#\\\/schema\\\/logo\\\/image\\\/\",\"url\":\"https:\\\/\\\/chicha.agency\\\/wp-content\\\/uploads\\\/2025\\\/11\\\/CHICHA_LOGO_2026-scaled.png\",\"contentUrl\":\"https:\\\/\\\/chicha.agency\\\/wp-content\\\/uploads\\\/2025\\\/11\\\/CHICHA_LOGO_2026-scaled.png\",\"width\":1200,\"height\":1200,\"caption\":\"CHICHA Music Agency\"},\"image\":{\"@id\":\"https:\\\/\\\/chicha.agency\\\/de\\\/#\\\/schema\\\/logo\\\/image\\\/\"},\"sameAs\":[\"https:\\\/\\\/www.facebook.com\\\/chicha.music.agency\",\"https:\\\/\\\/instagram.com\\\/chicha.music.agency\"]}]}<\/script>\n<!-- \/ Yoast SEO plugin. -->","yoast_head_json":{"title":"Girlshirt JAYA THE CAT 4 Eyes - CHICHA Agency","robots":{"index":"index","follow":"follow","max-snippet":"max-snippet:-1","max-image-preview":"max-image-preview:large","max-video-preview":"max-video-preview:-1"},"canonical":"https:\/\/chicha.agency\/de\/produkt\/girlshirt-jaya-the-cat-4-eyes\/","og_locale":"de_DE","og_type":"article","og_title":"Girlshirt JAYA THE CAT 4 Eyes - CHICHA Agency","og_description":"Girlshirt Band: Jaya the Cat Design: 4 Eyes Farbe: Schwarz Druck: Discharge Print Technique* Shirtmarke: Gildan Material: 100% Baumwolle * Discharge Print Technique: * Discharge Print Technique: Entladungsdruck, auch Extract Printing genannt, Verfahrenzur Anwendung eines Designs auf gef\u00e4rbtes Gewebe durch Drucken eines farbzerst\u00f6renden Mittels, wie Chlor oder Hydrosulfit, um ein wei\u00dfes oder helles Muster auf [&hellip;]","og_url":"https:\/\/chicha.agency\/de\/produkt\/girlshirt-jaya-the-cat-4-eyes\/","og_site_name":"CHICHA Agency","article_publisher":"https:\/\/www.facebook.com\/chicha.music.agency","article_modified_time":"2025-11-24T13:41:05+00:00","og_image":[{"width":400,"height":400,"url":"https:\/\/chicha.agency\/wp-content\/uploads\/2025\/11\/GS_JTC_4Eyes.png","type":"image\/png"}],"twitter_card":"summary_large_image","schema":{"@context":"https:\/\/schema.org","@graph":[{"@type":"WebPage","@id":"https:\/\/chicha.agency\/de\/produkt\/girlshirt-jaya-the-cat-4-eyes\/","url":"https:\/\/chicha.agency\/de\/produkt\/girlshirt-jaya-the-cat-4-eyes\/","name":"Girlshirt JAYA THE CAT 4 Eyes - CHICHA Agency","isPartOf":{"@id":"https:\/\/chicha.agency\/de\/#website"},"primaryImageOfPage":{"@id":"https:\/\/chicha.agency\/de\/produkt\/girlshirt-jaya-the-cat-4-eyes\/#primaryimage"},"image":{"@id":"https:\/\/chicha.agency\/de\/produkt\/girlshirt-jaya-the-cat-4-eyes\/#primaryimage"},"thumbnailUrl":"https:\/\/chicha.agency\/wp-content\/uploads\/2025\/11\/GS_JTC_4Eyes.png","datePublished":"2025-11-12T11:15:19+00:00","dateModified":"2025-11-24T13:41:05+00:00","breadcrumb":{"@id":"https:\/\/chicha.agency\/de\/produkt\/girlshirt-jaya-the-cat-4-eyes\/#breadcrumb"},"inLanguage":"de","potentialAction":[{"@type":"ReadAction","target":["https:\/\/chicha.agency\/de\/produkt\/girlshirt-jaya-the-cat-4-eyes\/"]}]},{"@type":"ImageObject","inLanguage":"de","@id":"https:\/\/chicha.agency\/de\/produkt\/girlshirt-jaya-the-cat-4-eyes\/#primaryimage","url":"https:\/\/chicha.agency\/wp-content\/uploads\/2025\/11\/GS_JTC_4Eyes.png","contentUrl":"https:\/\/chicha.agency\/wp-content\/uploads\/2025\/11\/GS_JTC_4Eyes.png","width":400,"height":400},{"@type":"BreadcrumbList","@id":"https:\/\/chicha.agency\/de\/produkt\/girlshirt-jaya-the-cat-4-eyes\/#breadcrumb","itemListElement":[{"@type":"ListItem","position":1,"name":"Home","item":"https:\/\/chicha.agency\/de\/"},{"@type":"ListItem","position":2,"name":"Shop","item":"https:\/\/chicha.agency\/shop\/"},{"@type":"ListItem","position":3,"name":"Jaya the Cat","item":"https:\/\/chicha.agency\/de\/marke\/jaya-the-cat\/"},{"@type":"ListItem","position":4,"name":"Girlshirt JAYA THE CAT 4 Eyes"}]},{"@type":"WebSite","@id":"https:\/\/chicha.agency\/de\/#website","url":"https:\/\/chicha.agency\/de\/","name":"CHICHA Agency","description":"International Tourbooking &amp; Management","publisher":{"@id":"https:\/\/chicha.agency\/de\/#organization"},"alternateName":"International Tourbooking & Management","potentialAction":[{"@type":"SearchAction","target":{"@type":"EntryPoint","urlTemplate":"https:\/\/chicha.agency\/de\/?s={search_term_string}"},"query-input":{"@type":"PropertyValueSpecification","valueRequired":true,"valueName":"search_term_string"}}],"inLanguage":"de"},{"@type":"Organization","@id":"https:\/\/chicha.agency\/de\/#organization","name":"CHICHA Music Agency","url":"https:\/\/chicha.agency\/de\/","logo":{"@type":"ImageObject","inLanguage":"de","@id":"https:\/\/chicha.agency\/de\/#\/schema\/logo\/image\/","url":"https:\/\/chicha.agency\/wp-content\/uploads\/2025\/11\/CHICHA_LOGO_2026-scaled.png","contentUrl":"https:\/\/chicha.agency\/wp-content\/uploads\/2025\/11\/CHICHA_LOGO_2026-scaled.png","width":1200,"height":1200,"caption":"CHICHA Music Agency"},"image":{"@id":"https:\/\/chicha.agency\/de\/#\/schema\/logo\/image\/"},"sameAs":["https:\/\/www.facebook.com\/chicha.music.agency","https:\/\/instagram.com\/chicha.music.agency"]}]}},"_links":{"self":[{"href":"https:\/\/chicha.agency\/de\/wp-json\/wp\/v2\/product\/1802","targetHints":{"allow":["GET"]}}],"collection":[{"href":"https:\/\/chicha.agency\/de\/wp-json\/wp\/v2\/product"}],"about":[{"href":"https:\/\/chicha.agency\/de\/wp-json\/wp\/v2\/types\/product"}],"wp:featuredmedia":[{"embeddable":true,"href":"https:\/\/chicha.agency\/de\/wp-json\/wp\/v2\/media\/1183"}],"wp:attachment":[{"href":"https:\/\/chicha.agency\/de\/wp-json\/wp\/v2\/media?parent=1802"}],"wp:term":[{"taxonomy":"product_brand","embeddable":true,"href":"https:\/\/chicha.agency\/de\/wp-json\/wp\/v2\/product_brand?post=1802"},{"taxonomy":"product_cat","embeddable":true,"href":"https:\/\/chicha.agency\/de\/wp-json\/wp\/v2\/product_cat?post=1802"},{"taxonomy":"product_tag","embeddable":true,"href":"https:\/\/chicha.agency\/de\/wp-json\/wp\/v2\/product_tag?post=1802"}],"curies":[{"name":"wp","href":"https:\/\/api.w.org\/{rel}","templated":true}]}}