{"id":1827,"date":"2025-11-12T11:15:57","date_gmt":"2025-11-12T11:15:57","guid":{"rendered":"https:\/\/chicha.agency\/?post_type=product&#038;p=1827"},"modified":"2025-11-24T13:40:46","modified_gmt":"2025-11-24T13:40:46","slug":"lp-jaya-the-cat-basement-style-re-release","status":"publish","type":"product","link":"https:\/\/chicha.agency\/de\/produkt\/lp-jaya-the-cat-basement-style-re-release\/","title":{"rendered":"LP JAYA THE CAT Basement Style (Re-Release)"},"content":{"rendered":"<p>LP<br \/>\nBand: Jaya the Cat<br \/>\nAlbum Titel: Basement Style (Re-Release)<br \/>\nVer\u00f6ffentlichungsjahr: 2017<br \/>\nLimitiert auf 1000 St\u00fcck in wei\u00dfen 180g Vinyl<\/p>\n<p>Songs:<br \/>\n01. Intro<br \/>\n02. Are You With Me?<br \/>\n03. The Bottle And The Cross<br \/>\n04. Shit Jobs For Rock<br \/>\n05. The Wilderness<br \/>\n06. State Of Emergency<br \/>\n07. Forward<br \/>\n08. Cultifornia<br \/>\n09. Borrowed Time<br \/>\n10. Painful Memory<br \/>\n11. Convenience Store<br \/>\n12. God And State<br \/>\n13. Pass Out<br \/>\n14. Just Another Question<br \/>\n15. State Of Emergency Dub<br \/>\n16. Dominant Paradigm<br \/>\n17. Six Cold Beers<br \/>\n18. Basement Style<\/p>\n","protected":false},"excerpt":{"rendered":"<p>LP Band: Jaya the Cat Album Titel: Basement Style (Re-Release) Ver\u00f6ffentlichungsjahr: 2017 Limitiert auf 1000 St\u00fcck in wei\u00dfen 180g Vinyl Songs: 01. Intro 02. Are You With Me? 03. The Bottle And The Cross 04. Shit Jobs For Rock 05. The Wilderness 06. State Of Emergency 07. Forward 08. Cultifornia 09. Borrowed Time 10. Painful [&hellip;]<\/p>\n","protected":false},"featured_media":1289,"template":"","meta":[],"product_brand":[804],"product_cat":[418,427],"product_tag":[471,536],"class_list":{"0":"post-1827","1":"product","2":"type-product","3":"status-publish","4":"has-post-thumbnail","6":"product_brand-jaya-the-cat","7":"product_cat-jaya-the-cat","8":"product_cat-vinyl","9":"product_tag-basement-style","10":"product_tag-jayathecat","11":"product_shipping_class-standard-lp","12":"pa_marke-jaya-the-cat","14":"first","15":"instock","16":"shipping-taxable","17":"product-type-external"},"yoast_head":"<!-- This site is optimized with the Yoast SEO plugin v27.4 - https:\/\/yoast.com\/product\/yoast-seo-wordpress\/ -->\n<title>LP JAYA THE CAT Basement Style (Re-Release) - CHICHA Agency<\/title>\n<meta name=\"robots\" content=\"index, follow, max-snippet:-1, max-image-preview:large, max-video-preview:-1\" \/>\n<link rel=\"canonical\" href=\"https:\/\/chicha.agency\/de\/produkt\/lp-jaya-the-cat-basement-style-re-release\/\" \/>\n<meta property=\"og:locale\" content=\"de_DE\" \/>\n<meta property=\"og:type\" content=\"article\" \/>\n<meta property=\"og:title\" content=\"LP JAYA THE CAT Basement Style (Re-Release) - CHICHA Agency\" \/>\n<meta property=\"og:description\" content=\"LP Band: Jaya the Cat Album Titel: Basement Style (Re-Release) Ver\u00f6ffentlichungsjahr: 2017 Limitiert auf 1000 St\u00fcck in wei\u00dfen 180g Vinyl Songs: 01. Intro 02. Are You With Me? 03. The Bottle And The Cross 04. Shit Jobs For Rock 05. The Wilderness 06. State Of Emergency 07. Forward 08. Cultifornia 09. Borrowed Time 10. Painful [&hellip;]\" \/>\n<meta property=\"og:url\" content=\"https:\/\/chicha.agency\/de\/produkt\/lp-jaya-the-cat-basement-style-re-release\/\" \/>\n<meta property=\"og:site_name\" content=\"CHICHA Agency\" \/>\n<meta property=\"article:publisher\" content=\"https:\/\/www.facebook.com\/chicha.music.agency\" \/>\n<meta property=\"article:modified_time\" content=\"2025-11-24T13:40:46+00:00\" \/>\n<meta property=\"og:image\" content=\"https:\/\/chicha.agency\/wp-content\/uploads\/2025\/11\/LP_JAYA_BasementStyle2017_Full.png\" \/>\n\t<meta property=\"og:image:width\" content=\"400\" \/>\n\t<meta property=\"og:image:height\" content=\"400\" \/>\n\t<meta property=\"og:image:type\" content=\"image\/png\" \/>\n<meta name=\"twitter:card\" content=\"summary_large_image\" \/>\n<script type=\"application\/ld+json\" class=\"yoast-schema-graph\">{\"@context\":\"https:\\\/\\\/schema.org\",\"@graph\":[{\"@type\":\"WebPage\",\"@id\":\"https:\\\/\\\/chicha.agency\\\/de\\\/produkt\\\/lp-jaya-the-cat-basement-style-re-release\\\/\",\"url\":\"https:\\\/\\\/chicha.agency\\\/de\\\/produkt\\\/lp-jaya-the-cat-basement-style-re-release\\\/\",\"name\":\"LP JAYA THE CAT Basement Style (Re-Release) - CHICHA Agency\",\"isPartOf\":{\"@id\":\"https:\\\/\\\/chicha.agency\\\/de\\\/#website\"},\"primaryImageOfPage\":{\"@id\":\"https:\\\/\\\/chicha.agency\\\/de\\\/produkt\\\/lp-jaya-the-cat-basement-style-re-release\\\/#primaryimage\"},\"image\":{\"@id\":\"https:\\\/\\\/chicha.agency\\\/de\\\/produkt\\\/lp-jaya-the-cat-basement-style-re-release\\\/#primaryimage\"},\"thumbnailUrl\":\"https:\\\/\\\/chicha.agency\\\/wp-content\\\/uploads\\\/2025\\\/11\\\/LP_JAYA_BasementStyle2017_Full.png\",\"datePublished\":\"2025-11-12T11:15:57+00:00\",\"dateModified\":\"2025-11-24T13:40:46+00:00\",\"breadcrumb\":{\"@id\":\"https:\\\/\\\/chicha.agency\\\/de\\\/produkt\\\/lp-jaya-the-cat-basement-style-re-release\\\/#breadcrumb\"},\"inLanguage\":\"de\",\"potentialAction\":[{\"@type\":\"ReadAction\",\"target\":[\"https:\\\/\\\/chicha.agency\\\/de\\\/produkt\\\/lp-jaya-the-cat-basement-style-re-release\\\/\"]}]},{\"@type\":\"ImageObject\",\"inLanguage\":\"de\",\"@id\":\"https:\\\/\\\/chicha.agency\\\/de\\\/produkt\\\/lp-jaya-the-cat-basement-style-re-release\\\/#primaryimage\",\"url\":\"https:\\\/\\\/chicha.agency\\\/wp-content\\\/uploads\\\/2025\\\/11\\\/LP_JAYA_BasementStyle2017_Full.png\",\"contentUrl\":\"https:\\\/\\\/chicha.agency\\\/wp-content\\\/uploads\\\/2025\\\/11\\\/LP_JAYA_BasementStyle2017_Full.png\",\"width\":400,\"height\":400},{\"@type\":\"BreadcrumbList\",\"@id\":\"https:\\\/\\\/chicha.agency\\\/de\\\/produkt\\\/lp-jaya-the-cat-basement-style-re-release\\\/#breadcrumb\",\"itemListElement\":[{\"@type\":\"ListItem\",\"position\":1,\"name\":\"Home\",\"item\":\"https:\\\/\\\/chicha.agency\\\/de\\\/\"},{\"@type\":\"ListItem\",\"position\":2,\"name\":\"Shop\",\"item\":\"https:\\\/\\\/chicha.agency\\\/shop\\\/\"},{\"@type\":\"ListItem\",\"position\":3,\"name\":\"Jaya the Cat\",\"item\":\"https:\\\/\\\/chicha.agency\\\/de\\\/marke\\\/jaya-the-cat\\\/\"},{\"@type\":\"ListItem\",\"position\":4,\"name\":\"LP JAYA THE CAT Basement Style (Re-Release)\"}]},{\"@type\":\"WebSite\",\"@id\":\"https:\\\/\\\/chicha.agency\\\/de\\\/#website\",\"url\":\"https:\\\/\\\/chicha.agency\\\/de\\\/\",\"name\":\"CHICHA Agency\",\"description\":\"International Tourbooking &amp; Management\",\"publisher\":{\"@id\":\"https:\\\/\\\/chicha.agency\\\/de\\\/#organization\"},\"alternateName\":\"International Tourbooking & Management\",\"potentialAction\":[{\"@type\":\"SearchAction\",\"target\":{\"@type\":\"EntryPoint\",\"urlTemplate\":\"https:\\\/\\\/chicha.agency\\\/de\\\/?s={search_term_string}\"},\"query-input\":{\"@type\":\"PropertyValueSpecification\",\"valueRequired\":true,\"valueName\":\"search_term_string\"}}],\"inLanguage\":\"de\"},{\"@type\":\"Organization\",\"@id\":\"https:\\\/\\\/chicha.agency\\\/de\\\/#organization\",\"name\":\"CHICHA Music Agency\",\"url\":\"https:\\\/\\\/chicha.agency\\\/de\\\/\",\"logo\":{\"@type\":\"ImageObject\",\"inLanguage\":\"de\",\"@id\":\"https:\\\/\\\/chicha.agency\\\/de\\\/#\\\/schema\\\/logo\\\/image\\\/\",\"url\":\"https:\\\/\\\/chicha.agency\\\/wp-content\\\/uploads\\\/2025\\\/11\\\/CHICHA_LOGO_2026-scaled.png\",\"contentUrl\":\"https:\\\/\\\/chicha.agency\\\/wp-content\\\/uploads\\\/2025\\\/11\\\/CHICHA_LOGO_2026-scaled.png\",\"width\":1200,\"height\":1200,\"caption\":\"CHICHA Music Agency\"},\"image\":{\"@id\":\"https:\\\/\\\/chicha.agency\\\/de\\\/#\\\/schema\\\/logo\\\/image\\\/\"},\"sameAs\":[\"https:\\\/\\\/www.facebook.com\\\/chicha.music.agency\",\"https:\\\/\\\/instagram.com\\\/chicha.music.agency\"]}]}<\/script>\n<!-- \/ Yoast SEO plugin. -->","yoast_head_json":{"title":"LP JAYA THE CAT Basement Style (Re-Release) - CHICHA Agency","robots":{"index":"index","follow":"follow","max-snippet":"max-snippet:-1","max-image-preview":"max-image-preview:large","max-video-preview":"max-video-preview:-1"},"canonical":"https:\/\/chicha.agency\/de\/produkt\/lp-jaya-the-cat-basement-style-re-release\/","og_locale":"de_DE","og_type":"article","og_title":"LP JAYA THE CAT Basement Style (Re-Release) - CHICHA Agency","og_description":"LP Band: Jaya the Cat Album Titel: Basement Style (Re-Release) Ver\u00f6ffentlichungsjahr: 2017 Limitiert auf 1000 St\u00fcck in wei\u00dfen 180g Vinyl Songs: 01. Intro 02. Are You With Me? 03. The Bottle And The Cross 04. Shit Jobs For Rock 05. The Wilderness 06. State Of Emergency 07. Forward 08. Cultifornia 09. Borrowed Time 10. Painful [&hellip;]","og_url":"https:\/\/chicha.agency\/de\/produkt\/lp-jaya-the-cat-basement-style-re-release\/","og_site_name":"CHICHA Agency","article_publisher":"https:\/\/www.facebook.com\/chicha.music.agency","article_modified_time":"2025-11-24T13:40:46+00:00","og_image":[{"width":400,"height":400,"url":"https:\/\/chicha.agency\/wp-content\/uploads\/2025\/11\/LP_JAYA_BasementStyle2017_Full.png","type":"image\/png"}],"twitter_card":"summary_large_image","schema":{"@context":"https:\/\/schema.org","@graph":[{"@type":"WebPage","@id":"https:\/\/chicha.agency\/de\/produkt\/lp-jaya-the-cat-basement-style-re-release\/","url":"https:\/\/chicha.agency\/de\/produkt\/lp-jaya-the-cat-basement-style-re-release\/","name":"LP JAYA THE CAT Basement Style (Re-Release) - CHICHA Agency","isPartOf":{"@id":"https:\/\/chicha.agency\/de\/#website"},"primaryImageOfPage":{"@id":"https:\/\/chicha.agency\/de\/produkt\/lp-jaya-the-cat-basement-style-re-release\/#primaryimage"},"image":{"@id":"https:\/\/chicha.agency\/de\/produkt\/lp-jaya-the-cat-basement-style-re-release\/#primaryimage"},"thumbnailUrl":"https:\/\/chicha.agency\/wp-content\/uploads\/2025\/11\/LP_JAYA_BasementStyle2017_Full.png","datePublished":"2025-11-12T11:15:57+00:00","dateModified":"2025-11-24T13:40:46+00:00","breadcrumb":{"@id":"https:\/\/chicha.agency\/de\/produkt\/lp-jaya-the-cat-basement-style-re-release\/#breadcrumb"},"inLanguage":"de","potentialAction":[{"@type":"ReadAction","target":["https:\/\/chicha.agency\/de\/produkt\/lp-jaya-the-cat-basement-style-re-release\/"]}]},{"@type":"ImageObject","inLanguage":"de","@id":"https:\/\/chicha.agency\/de\/produkt\/lp-jaya-the-cat-basement-style-re-release\/#primaryimage","url":"https:\/\/chicha.agency\/wp-content\/uploads\/2025\/11\/LP_JAYA_BasementStyle2017_Full.png","contentUrl":"https:\/\/chicha.agency\/wp-content\/uploads\/2025\/11\/LP_JAYA_BasementStyle2017_Full.png","width":400,"height":400},{"@type":"BreadcrumbList","@id":"https:\/\/chicha.agency\/de\/produkt\/lp-jaya-the-cat-basement-style-re-release\/#breadcrumb","itemListElement":[{"@type":"ListItem","position":1,"name":"Home","item":"https:\/\/chicha.agency\/de\/"},{"@type":"ListItem","position":2,"name":"Shop","item":"https:\/\/chicha.agency\/shop\/"},{"@type":"ListItem","position":3,"name":"Jaya the Cat","item":"https:\/\/chicha.agency\/de\/marke\/jaya-the-cat\/"},{"@type":"ListItem","position":4,"name":"LP JAYA THE CAT Basement Style (Re-Release)"}]},{"@type":"WebSite","@id":"https:\/\/chicha.agency\/de\/#website","url":"https:\/\/chicha.agency\/de\/","name":"CHICHA Agency","description":"International Tourbooking &amp; Management","publisher":{"@id":"https:\/\/chicha.agency\/de\/#organization"},"alternateName":"International Tourbooking & Management","potentialAction":[{"@type":"SearchAction","target":{"@type":"EntryPoint","urlTemplate":"https:\/\/chicha.agency\/de\/?s={search_term_string}"},"query-input":{"@type":"PropertyValueSpecification","valueRequired":true,"valueName":"search_term_string"}}],"inLanguage":"de"},{"@type":"Organization","@id":"https:\/\/chicha.agency\/de\/#organization","name":"CHICHA Music Agency","url":"https:\/\/chicha.agency\/de\/","logo":{"@type":"ImageObject","inLanguage":"de","@id":"https:\/\/chicha.agency\/de\/#\/schema\/logo\/image\/","url":"https:\/\/chicha.agency\/wp-content\/uploads\/2025\/11\/CHICHA_LOGO_2026-scaled.png","contentUrl":"https:\/\/chicha.agency\/wp-content\/uploads\/2025\/11\/CHICHA_LOGO_2026-scaled.png","width":1200,"height":1200,"caption":"CHICHA Music Agency"},"image":{"@id":"https:\/\/chicha.agency\/de\/#\/schema\/logo\/image\/"},"sameAs":["https:\/\/www.facebook.com\/chicha.music.agency","https:\/\/instagram.com\/chicha.music.agency"]}]}},"_links":{"self":[{"href":"https:\/\/chicha.agency\/de\/wp-json\/wp\/v2\/product\/1827","targetHints":{"allow":["GET"]}}],"collection":[{"href":"https:\/\/chicha.agency\/de\/wp-json\/wp\/v2\/product"}],"about":[{"href":"https:\/\/chicha.agency\/de\/wp-json\/wp\/v2\/types\/product"}],"wp:featuredmedia":[{"embeddable":true,"href":"https:\/\/chicha.agency\/de\/wp-json\/wp\/v2\/media\/1289"}],"wp:attachment":[{"href":"https:\/\/chicha.agency\/de\/wp-json\/wp\/v2\/media?parent=1827"}],"wp:term":[{"taxonomy":"product_brand","embeddable":true,"href":"https:\/\/chicha.agency\/de\/wp-json\/wp\/v2\/product_brand?post=1827"},{"taxonomy":"product_cat","embeddable":true,"href":"https:\/\/chicha.agency\/de\/wp-json\/wp\/v2\/product_cat?post=1827"},{"taxonomy":"product_tag","embeddable":true,"href":"https:\/\/chicha.agency\/de\/wp-json\/wp\/v2\/product_tag?post=1827"}],"curies":[{"name":"wp","href":"https:\/\/api.w.org\/{rel}","templated":true}]}}