{"id":1831,"date":"2025-11-12T11:15:58","date_gmt":"2025-11-12T11:15:58","guid":{"rendered":"https:\/\/chicha.agency\/?post_type=product&#038;p=1831"},"modified":"2025-11-24T13:34:59","modified_gmt":"2025-11-24T13:34:59","slug":"aufnaher-jaya-the-cat-burning-balloon","status":"publish","type":"product","link":"https:\/\/chicha.agency\/de\/produkt\/aufnaher-jaya-the-cat-burning-balloon\/","title":{"rendered":"Aufn\u00e4her JAYA THE CAT &#8222;Burning Balloon&#8220;"},"content":{"rendered":"<p>Aufn\u00e4her<br \/>\nBand: Jaya the Cat<br \/>\nDesign: &#8222;Burning Balloon&#8220;<br \/>\nFarbe: Schwarz \/ Rot<br \/>\nGr\u00f6\u00dfe: 10&#215;8 cm<\/p>\n<p>Zum Aufb\u00fcgeln<\/p>\n","protected":false},"excerpt":{"rendered":"<p>Aufn\u00e4her Band: Jaya the Cat Design: &#8222;Burning Balloon&#8220; Farbe: Schwarz \/ Rot Gr\u00f6\u00dfe: 10&#215;8 cm Zum Aufb\u00fcgeln<\/p>\n","protected":false},"featured_media":1205,"template":"","meta":[],"product_brand":[804],"product_cat":[460,459,418],"product_tag":[839,536],"class_list":{"0":"post-1831","1":"product","2":"type-product","3":"status-publish","4":"has-post-thumbnail","6":"product_brand-jaya-the-cat","7":"product_cat-aufnaher","8":"product_cat-dies-das","9":"product_cat-jaya-the-cat","10":"product_tag-burningballoon","11":"product_tag-jayathecat","12":"pa_marke-jaya-the-cat","14":"first","15":"instock","16":"shipping-taxable","17":"product-type-external"},"yoast_head":"<!-- This site is optimized with the Yoast SEO plugin v27.4 - https:\/\/yoast.com\/product\/yoast-seo-wordpress\/ -->\n<title>Aufn\u00e4her JAYA THE CAT &quot;Burning Balloon&quot; - CHICHA Agency<\/title>\n<meta name=\"robots\" content=\"index, follow, max-snippet:-1, max-image-preview:large, max-video-preview:-1\" \/>\n<link rel=\"canonical\" href=\"https:\/\/chicha.agency\/de\/produkt\/aufnaher-jaya-the-cat-burning-balloon\/\" \/>\n<meta property=\"og:locale\" content=\"de_DE\" \/>\n<meta property=\"og:type\" content=\"article\" \/>\n<meta property=\"og:title\" content=\"Aufn\u00e4her JAYA THE CAT &quot;Burning Balloon&quot; - CHICHA Agency\" \/>\n<meta property=\"og:description\" content=\"Aufn\u00e4her Band: Jaya the Cat Design: &#8222;Burning Balloon&#8220; Farbe: Schwarz \/ Rot Gr\u00f6\u00dfe: 10&#215;8 cm Zum Aufb\u00fcgeln\" \/>\n<meta property=\"og:url\" content=\"https:\/\/chicha.agency\/de\/produkt\/aufnaher-jaya-the-cat-burning-balloon\/\" \/>\n<meta property=\"og:site_name\" content=\"CHICHA Agency\" \/>\n<meta property=\"article:publisher\" content=\"https:\/\/www.facebook.com\/chicha.music.agency\" \/>\n<meta property=\"article:modified_time\" content=\"2025-11-24T13:34:59+00:00\" \/>\n<meta property=\"og:image\" content=\"https:\/\/chicha.agency\/wp-content\/uploads\/2025\/11\/PT_JAYA_black.png\" \/>\n\t<meta property=\"og:image:width\" content=\"400\" \/>\n\t<meta property=\"og:image:height\" content=\"400\" \/>\n\t<meta property=\"og:image:type\" content=\"image\/png\" \/>\n<meta name=\"twitter:card\" content=\"summary_large_image\" \/>\n<script type=\"application\/ld+json\" class=\"yoast-schema-graph\">{\"@context\":\"https:\\\/\\\/schema.org\",\"@graph\":[{\"@type\":\"WebPage\",\"@id\":\"https:\\\/\\\/chicha.agency\\\/de\\\/produkt\\\/aufnaher-jaya-the-cat-burning-balloon\\\/\",\"url\":\"https:\\\/\\\/chicha.agency\\\/de\\\/produkt\\\/aufnaher-jaya-the-cat-burning-balloon\\\/\",\"name\":\"Aufn\u00e4her JAYA THE CAT \\\"Burning Balloon\\\" - CHICHA Agency\",\"isPartOf\":{\"@id\":\"https:\\\/\\\/chicha.agency\\\/de\\\/#website\"},\"primaryImageOfPage\":{\"@id\":\"https:\\\/\\\/chicha.agency\\\/de\\\/produkt\\\/aufnaher-jaya-the-cat-burning-balloon\\\/#primaryimage\"},\"image\":{\"@id\":\"https:\\\/\\\/chicha.agency\\\/de\\\/produkt\\\/aufnaher-jaya-the-cat-burning-balloon\\\/#primaryimage\"},\"thumbnailUrl\":\"https:\\\/\\\/chicha.agency\\\/wp-content\\\/uploads\\\/2025\\\/11\\\/PT_JAYA_black.png\",\"datePublished\":\"2025-11-12T11:15:58+00:00\",\"dateModified\":\"2025-11-24T13:34:59+00:00\",\"breadcrumb\":{\"@id\":\"https:\\\/\\\/chicha.agency\\\/de\\\/produkt\\\/aufnaher-jaya-the-cat-burning-balloon\\\/#breadcrumb\"},\"inLanguage\":\"de\",\"potentialAction\":[{\"@type\":\"ReadAction\",\"target\":[\"https:\\\/\\\/chicha.agency\\\/de\\\/produkt\\\/aufnaher-jaya-the-cat-burning-balloon\\\/\"]}]},{\"@type\":\"ImageObject\",\"inLanguage\":\"de\",\"@id\":\"https:\\\/\\\/chicha.agency\\\/de\\\/produkt\\\/aufnaher-jaya-the-cat-burning-balloon\\\/#primaryimage\",\"url\":\"https:\\\/\\\/chicha.agency\\\/wp-content\\\/uploads\\\/2025\\\/11\\\/PT_JAYA_black.png\",\"contentUrl\":\"https:\\\/\\\/chicha.agency\\\/wp-content\\\/uploads\\\/2025\\\/11\\\/PT_JAYA_black.png\",\"width\":400,\"height\":400},{\"@type\":\"BreadcrumbList\",\"@id\":\"https:\\\/\\\/chicha.agency\\\/de\\\/produkt\\\/aufnaher-jaya-the-cat-burning-balloon\\\/#breadcrumb\",\"itemListElement\":[{\"@type\":\"ListItem\",\"position\":1,\"name\":\"Home\",\"item\":\"https:\\\/\\\/chicha.agency\\\/de\\\/\"},{\"@type\":\"ListItem\",\"position\":2,\"name\":\"Shop\",\"item\":\"https:\\\/\\\/chicha.agency\\\/shop\\\/\"},{\"@type\":\"ListItem\",\"position\":3,\"name\":\"Jaya the Cat\",\"item\":\"https:\\\/\\\/chicha.agency\\\/de\\\/marke\\\/jaya-the-cat\\\/\"},{\"@type\":\"ListItem\",\"position\":4,\"name\":\"Aufn\u00e4her JAYA THE CAT &#8222;Burning Balloon&#8220;\"}]},{\"@type\":\"WebSite\",\"@id\":\"https:\\\/\\\/chicha.agency\\\/de\\\/#website\",\"url\":\"https:\\\/\\\/chicha.agency\\\/de\\\/\",\"name\":\"CHICHA Agency\",\"description\":\"International Tourbooking &amp; Management\",\"publisher\":{\"@id\":\"https:\\\/\\\/chicha.agency\\\/de\\\/#organization\"},\"alternateName\":\"International Tourbooking & Management\",\"potentialAction\":[{\"@type\":\"SearchAction\",\"target\":{\"@type\":\"EntryPoint\",\"urlTemplate\":\"https:\\\/\\\/chicha.agency\\\/de\\\/?s={search_term_string}\"},\"query-input\":{\"@type\":\"PropertyValueSpecification\",\"valueRequired\":true,\"valueName\":\"search_term_string\"}}],\"inLanguage\":\"de\"},{\"@type\":\"Organization\",\"@id\":\"https:\\\/\\\/chicha.agency\\\/de\\\/#organization\",\"name\":\"CHICHA Music Agency\",\"url\":\"https:\\\/\\\/chicha.agency\\\/de\\\/\",\"logo\":{\"@type\":\"ImageObject\",\"inLanguage\":\"de\",\"@id\":\"https:\\\/\\\/chicha.agency\\\/de\\\/#\\\/schema\\\/logo\\\/image\\\/\",\"url\":\"https:\\\/\\\/chicha.agency\\\/wp-content\\\/uploads\\\/2025\\\/11\\\/CHICHA_LOGO_2026-scaled.png\",\"contentUrl\":\"https:\\\/\\\/chicha.agency\\\/wp-content\\\/uploads\\\/2025\\\/11\\\/CHICHA_LOGO_2026-scaled.png\",\"width\":1200,\"height\":1200,\"caption\":\"CHICHA Music Agency\"},\"image\":{\"@id\":\"https:\\\/\\\/chicha.agency\\\/de\\\/#\\\/schema\\\/logo\\\/image\\\/\"},\"sameAs\":[\"https:\\\/\\\/www.facebook.com\\\/chicha.music.agency\",\"https:\\\/\\\/instagram.com\\\/chicha.music.agency\"]}]}<\/script>\n<!-- \/ Yoast SEO plugin. -->","yoast_head_json":{"title":"Aufn\u00e4her JAYA THE CAT \"Burning Balloon\" - CHICHA Agency","robots":{"index":"index","follow":"follow","max-snippet":"max-snippet:-1","max-image-preview":"max-image-preview:large","max-video-preview":"max-video-preview:-1"},"canonical":"https:\/\/chicha.agency\/de\/produkt\/aufnaher-jaya-the-cat-burning-balloon\/","og_locale":"de_DE","og_type":"article","og_title":"Aufn\u00e4her JAYA THE CAT \"Burning Balloon\" - CHICHA Agency","og_description":"Aufn\u00e4her Band: Jaya the Cat Design: &#8222;Burning Balloon&#8220; Farbe: Schwarz \/ Rot Gr\u00f6\u00dfe: 10&#215;8 cm Zum Aufb\u00fcgeln","og_url":"https:\/\/chicha.agency\/de\/produkt\/aufnaher-jaya-the-cat-burning-balloon\/","og_site_name":"CHICHA Agency","article_publisher":"https:\/\/www.facebook.com\/chicha.music.agency","article_modified_time":"2025-11-24T13:34:59+00:00","og_image":[{"width":400,"height":400,"url":"https:\/\/chicha.agency\/wp-content\/uploads\/2025\/11\/PT_JAYA_black.png","type":"image\/png"}],"twitter_card":"summary_large_image","schema":{"@context":"https:\/\/schema.org","@graph":[{"@type":"WebPage","@id":"https:\/\/chicha.agency\/de\/produkt\/aufnaher-jaya-the-cat-burning-balloon\/","url":"https:\/\/chicha.agency\/de\/produkt\/aufnaher-jaya-the-cat-burning-balloon\/","name":"Aufn\u00e4her JAYA THE CAT \"Burning Balloon\" - CHICHA Agency","isPartOf":{"@id":"https:\/\/chicha.agency\/de\/#website"},"primaryImageOfPage":{"@id":"https:\/\/chicha.agency\/de\/produkt\/aufnaher-jaya-the-cat-burning-balloon\/#primaryimage"},"image":{"@id":"https:\/\/chicha.agency\/de\/produkt\/aufnaher-jaya-the-cat-burning-balloon\/#primaryimage"},"thumbnailUrl":"https:\/\/chicha.agency\/wp-content\/uploads\/2025\/11\/PT_JAYA_black.png","datePublished":"2025-11-12T11:15:58+00:00","dateModified":"2025-11-24T13:34:59+00:00","breadcrumb":{"@id":"https:\/\/chicha.agency\/de\/produkt\/aufnaher-jaya-the-cat-burning-balloon\/#breadcrumb"},"inLanguage":"de","potentialAction":[{"@type":"ReadAction","target":["https:\/\/chicha.agency\/de\/produkt\/aufnaher-jaya-the-cat-burning-balloon\/"]}]},{"@type":"ImageObject","inLanguage":"de","@id":"https:\/\/chicha.agency\/de\/produkt\/aufnaher-jaya-the-cat-burning-balloon\/#primaryimage","url":"https:\/\/chicha.agency\/wp-content\/uploads\/2025\/11\/PT_JAYA_black.png","contentUrl":"https:\/\/chicha.agency\/wp-content\/uploads\/2025\/11\/PT_JAYA_black.png","width":400,"height":400},{"@type":"BreadcrumbList","@id":"https:\/\/chicha.agency\/de\/produkt\/aufnaher-jaya-the-cat-burning-balloon\/#breadcrumb","itemListElement":[{"@type":"ListItem","position":1,"name":"Home","item":"https:\/\/chicha.agency\/de\/"},{"@type":"ListItem","position":2,"name":"Shop","item":"https:\/\/chicha.agency\/shop\/"},{"@type":"ListItem","position":3,"name":"Jaya the Cat","item":"https:\/\/chicha.agency\/de\/marke\/jaya-the-cat\/"},{"@type":"ListItem","position":4,"name":"Aufn\u00e4her JAYA THE CAT &#8222;Burning Balloon&#8220;"}]},{"@type":"WebSite","@id":"https:\/\/chicha.agency\/de\/#website","url":"https:\/\/chicha.agency\/de\/","name":"CHICHA Agency","description":"International Tourbooking &amp; Management","publisher":{"@id":"https:\/\/chicha.agency\/de\/#organization"},"alternateName":"International Tourbooking & Management","potentialAction":[{"@type":"SearchAction","target":{"@type":"EntryPoint","urlTemplate":"https:\/\/chicha.agency\/de\/?s={search_term_string}"},"query-input":{"@type":"PropertyValueSpecification","valueRequired":true,"valueName":"search_term_string"}}],"inLanguage":"de"},{"@type":"Organization","@id":"https:\/\/chicha.agency\/de\/#organization","name":"CHICHA Music Agency","url":"https:\/\/chicha.agency\/de\/","logo":{"@type":"ImageObject","inLanguage":"de","@id":"https:\/\/chicha.agency\/de\/#\/schema\/logo\/image\/","url":"https:\/\/chicha.agency\/wp-content\/uploads\/2025\/11\/CHICHA_LOGO_2026-scaled.png","contentUrl":"https:\/\/chicha.agency\/wp-content\/uploads\/2025\/11\/CHICHA_LOGO_2026-scaled.png","width":1200,"height":1200,"caption":"CHICHA Music Agency"},"image":{"@id":"https:\/\/chicha.agency\/de\/#\/schema\/logo\/image\/"},"sameAs":["https:\/\/www.facebook.com\/chicha.music.agency","https:\/\/instagram.com\/chicha.music.agency"]}]}},"_links":{"self":[{"href":"https:\/\/chicha.agency\/de\/wp-json\/wp\/v2\/product\/1831","targetHints":{"allow":["GET"]}}],"collection":[{"href":"https:\/\/chicha.agency\/de\/wp-json\/wp\/v2\/product"}],"about":[{"href":"https:\/\/chicha.agency\/de\/wp-json\/wp\/v2\/types\/product"}],"wp:featuredmedia":[{"embeddable":true,"href":"https:\/\/chicha.agency\/de\/wp-json\/wp\/v2\/media\/1205"}],"wp:attachment":[{"href":"https:\/\/chicha.agency\/de\/wp-json\/wp\/v2\/media?parent=1831"}],"wp:term":[{"taxonomy":"product_brand","embeddable":true,"href":"https:\/\/chicha.agency\/de\/wp-json\/wp\/v2\/product_brand?post=1831"},{"taxonomy":"product_cat","embeddable":true,"href":"https:\/\/chicha.agency\/de\/wp-json\/wp\/v2\/product_cat?post=1831"},{"taxonomy":"product_tag","embeddable":true,"href":"https:\/\/chicha.agency\/de\/wp-json\/wp\/v2\/product_tag?post=1831"}],"curies":[{"name":"wp","href":"https:\/\/api.w.org\/{rel}","templated":true}]}}